{"id":346,"date":"2018-09-21T09:07:04","date_gmt":"2018-09-21T07:07:04","guid":{"rendered":"https:\/\/fc09ueberlingen.de\/?page_id=346"},"modified":"2025-09-12T17:12:32","modified_gmt":"2025-09-12T15:12:32","slug":"impressum","status":"publish","type":"page","link":"https:\/\/fc09ueberlingen.de\/?page_id=346","title":{"rendered":"Impressum"},"content":{"rendered":"<p><strong>Impressum<\/strong><\/p>\n<p>FC 09 \u00dcberlingen e. V.<br \/>\n<span dir=\"ltr\">Rengoldshauser Stra\u00dfe 41<br \/>\n<\/span>88662 \u00dcberlingen<\/p>\n<p>Vertreten durch den Vorstand:<br \/>\nKarl-Heinz Knauer (1. Vorsitzender)<br \/>\nStephan Walser (2. Vorsitzender)<\/p>\n<p>Kontakt:<br \/>\n<span dir=\"ltr\">info@fc09-ueberlingen.de<\/span><\/p>\n<div>Registereintrag:<\/div>\n<div>Eingetragen im Vereinsregister<\/div>\n<div>Amtsgericht Freiburg<\/div>\n<div>Registernummer VR 580017<\/p>\n<\/div>\n<p>Verantwortlich f\u00fcr den Inhalt nach \u00a7 18 Abs. 2 MStV:<br \/>\nKarl-Heinz Knauer<\/p>\n<div>\n<p><strong>Disclaimer f\u00fcr externe Links<\/strong><br \/>\nTrotz sorgf\u00e4ltiger inhaltlicher Kontrolle \u00fcbernehmen wir keine Haftung f\u00fcr die Inhalte externer Links. F\u00fcr den Inhalt der verlinkten Seiten sind ausschlie\u00dflich deren Betreiber verantwortlich.<\/p>\n<\/div>\n","protected":false},"excerpt":{"rendered":"<p>Impressum FC 09 \u00dcberlingen e. V. Rengoldshauser Stra\u00dfe 41 88662 \u00dcberlingen Vertreten durch den Vorstand: Karl-Heinz Knauer (1. Vorsitzender) Stephan Walser (2. Vorsitzender) Kontakt: info@fc09-ueberlingen.de Registereintrag: Eingetragen im Vereinsregister Amtsgericht Freiburg Registernummer VR 580017 Verantwortlich f\u00fcr den Inhalt nach \u00a7 18 Abs. 2 MStV: Karl-Heinz Knauer Disclaimer f\u00fcr externe Links Trotz sorgf\u00e4ltiger inhaltlicher Kontrolle \u00fcbernehmen [&hellip;]<\/p>\n","protected":false},"author":1,"featured_media":0,"parent":0,"menu_order":0,"comment_status":"closed","ping_status":"closed","template":"","meta":{"ngg_post_thumbnail":0},"_links":{"self":[{"href":"https:\/\/fc09ueberlingen.de\/index.php?rest_route=\/wp\/v2\/pages\/346"}],"collection":[{"href":"https:\/\/fc09ueberlingen.de\/index.php?rest_route=\/wp\/v2\/pages"}],"about":[{"href":"https:\/\/fc09ueberlingen.de\/index.php?rest_route=\/wp\/v2\/types\/page"}],"author":[{"embeddable":true,"href":"https:\/\/fc09ueberlingen.de\/index.php?rest_route=\/wp\/v2\/users\/1"}],"replies":[{"embeddable":true,"href":"https:\/\/fc09ueberlingen.de\/index.php?rest_route=%2Fwp%2Fv2%2Fcomments&post=346"}],"version-history":[{"count":16,"href":"https:\/\/fc09ueberlingen.de\/index.php?rest_route=\/wp\/v2\/pages\/346\/revisions"}],"predecessor-version":[{"id":7109,"href":"https:\/\/fc09ueberlingen.de\/index.php?rest_route=\/wp\/v2\/pages\/346\/revisions\/7109"}],"wp:attachment":[{"href":"https:\/\/fc09ueberlingen.de\/index.php?rest_route=%2Fwp%2Fv2%2Fmedia&parent=346"}],"curies":[{"name":"wp","href":"https:\/\/api.w.org\/{rel}","templated":true}]}}