{"id":350,"date":"2018-09-21T09:07:43","date_gmt":"2018-09-21T07:07:43","guid":{"rendered":"https:\/\/fc09ueberlingen.de\/?page_id=350"},"modified":"2022-10-08T12:32:15","modified_gmt":"2022-10-08T10:32:15","slug":"mitgliedsantrag","status":"publish","type":"page","link":"https:\/\/fc09ueberlingen.de\/?page_id=350","title":{"rendered":"Mitglied werden"},"content":{"rendered":"<h3 style=\"text-align: center;\">Hier k\u00f6nnen Sie sich die aktuellen Mitgliedsantr\u00e4ge (.pdf) herunterladen. Bitte einfach ausf\u00fcllen und an<\/h3>\n<h3 style=\"text-align: center;\">FC09 \u00dcberlingen<br>Rengoldshauser Str. 41<br>88662 \u00dcberlingen<\/h3>\n<h3 style=\"text-align: center;\">senden<\/h3>\n<h3 style=\"text-align: center;\"><a href=\"https:\/\/fc09ueberlingen.de\/wp-content\/uploads\/2022\/10\/Mitgliedsantrag-Aktiv_Passiv-2023.pdf\" target=\"_blank\" rel=\"noopener noreferrer\">Mitgliedsantrag Aktive und Passive<\/a><\/h3>\n<h3 style=\"text-align: center;\"><a href=\"https:\/\/fc09ueberlingen.de\/wp-content\/uploads\/2022\/10\/Mitgliedsantrag-Jugend-2023.pdf\" target=\"_blank\" rel=\"noopener noreferrer\">Mitgliedsantrag Jugend<\/a><\/h3>\n<p>&nbsp;<\/p>\n<p><img loading=\"lazy\" class=\"aligncenter wp-image-324 size-full\" src=\"https:\/\/fc09ueberlingen.de\/wp-content\/uploads\/2018\/09\/Logo-FC.jpeg-002-e1537781243415.jpg\" alt=\"\" width=\"147\" height=\"150\"><\/p>\n\n\n<p><\/p>\n","protected":false},"excerpt":{"rendered":"<p>Hier k\u00f6nnen Sie sich die aktuellen Mitgliedsantr\u00e4ge (.pdf) herunterladen. Bitte einfach ausf\u00fcllen und an FC09 \u00dcberlingenRengoldshauser Str. 4188662 \u00dcberlingen senden Mitgliedsantrag Aktive und Passive Mitgliedsantrag Jugend &nbsp;<\/p>\n","protected":false},"author":1,"featured_media":0,"parent":0,"menu_order":0,"comment_status":"closed","ping_status":"closed","template":"","meta":{"ngg_post_thumbnail":0},"_links":{"self":[{"href":"https:\/\/fc09ueberlingen.de\/index.php?rest_route=\/wp\/v2\/pages\/350"}],"collection":[{"href":"https:\/\/fc09ueberlingen.de\/index.php?rest_route=\/wp\/v2\/pages"}],"about":[{"href":"https:\/\/fc09ueberlingen.de\/index.php?rest_route=\/wp\/v2\/types\/page"}],"author":[{"embeddable":true,"href":"https:\/\/fc09ueberlingen.de\/index.php?rest_route=\/wp\/v2\/users\/1"}],"replies":[{"embeddable":true,"href":"https:\/\/fc09ueberlingen.de\/index.php?rest_route=%2Fwp%2Fv2%2Fcomments&post=350"}],"version-history":[{"count":14,"href":"https:\/\/fc09ueberlingen.de\/index.php?rest_route=\/wp\/v2\/pages\/350\/revisions"}],"predecessor-version":[{"id":6663,"href":"https:\/\/fc09ueberlingen.de\/index.php?rest_route=\/wp\/v2\/pages\/350\/revisions\/6663"}],"wp:attachment":[{"href":"https:\/\/fc09ueberlingen.de\/index.php?rest_route=%2Fwp%2Fv2%2Fmedia&parent=350"}],"curies":[{"name":"wp","href":"https:\/\/api.w.org\/{rel}","templated":true}]}}