{"id":443,"date":"2018-09-24T15:40:11","date_gmt":"2018-09-24T13:40:11","guid":{"rendered":"https:\/\/fc09ueberlingen.de\/?page_id=443"},"modified":"2025-09-17T08:36:32","modified_gmt":"2025-09-17T06:36:32","slug":"frauen","status":"publish","type":"page","link":"https:\/\/fc09ueberlingen.de\/?page_id=443","title":{"rendered":"Frauen"},"content":{"rendered":"\n<div class=\"wp-block-columns\">\n<div class=\"wp-block-column\" style=\"flex-basis:100%\">\n<h1 style=\"text-align: center;\"><strong>Saison 2025\/26<\/strong><\/h1>\n<\/div>\n<\/div>\n\n\n\n<div class=\"wp-block-image\"><figure class=\"aligncenter size-full\"><img loading=\"lazy\" width=\"1920\" height=\"1080\" src=\"https:\/\/fc09ueberlingen.de\/wp-content\/uploads\/2025\/09\/Mannschaftsbild_Frauenmannschaft.png\" alt=\"Mannschaftsbild Frauenmannschaft FC 09 \u00dcberlingen\" class=\"wp-image-7113\" srcset=\"https:\/\/fc09ueberlingen.de\/wp-content\/uploads\/2025\/09\/Mannschaftsbild_Frauenmannschaft.png 1920w, https:\/\/fc09ueberlingen.de\/wp-content\/uploads\/2025\/09\/Mannschaftsbild_Frauenmannschaft-300x169.png 300w, https:\/\/fc09ueberlingen.de\/wp-content\/uploads\/2025\/09\/Mannschaftsbild_Frauenmannschaft-1024x576.png 1024w, https:\/\/fc09ueberlingen.de\/wp-content\/uploads\/2025\/09\/Mannschaftsbild_Frauenmannschaft-150x84.png 150w, https:\/\/fc09ueberlingen.de\/wp-content\/uploads\/2025\/09\/Mannschaftsbild_Frauenmannschaft-768x432.png 768w, https:\/\/fc09ueberlingen.de\/wp-content\/uploads\/2025\/09\/Mannschaftsbild_Frauenmannschaft-1536x864.png 1536w\" sizes=\"(max-width: 1920px) 100vw, 1920px\" \/><\/figure><\/div>\n\n\n<p><strong>Hinten von links:<\/strong> Betreuer Florian Wiegner, Linda Maria M\u00f6hrle, Maike Bader, Bozana Besic, Sarah Pfeifer, Nina Heggelbacher<\/p>\n<p><strong>Mitte von links:<\/strong> Jennifer Ribant, Amelie Dr\u00f6\u00dfel, Lisa Maria Kramer, Lisa Choinowski, Vivien Haug, Tamara H\u00fcbschle, Hannah Veit<\/p>\n<p><strong>Vorne von links:<\/strong> Anna Maria J\u00fclicher, Jennifer Kromer, Amrei Schneider, Fiona Sch\u00f6nfeldt, Rabea Weglowski, Giulia Linke, Lena Ahlering<br><br><\/p>\n<p style=\"text-align: center;\"><strong>Trainingszeiten<\/strong><\/p>\n<p style=\"text-align: center;\">Dienstag und Donnerstag<br>19.15 &#8211; 21.00 Uhr<\/p>\n<p style=\"text-align: center;\">Altbirnau<\/p>\n<p style=\"text-align: center;\"><strong>Trainer:<\/strong><\/p>\n<p style=\"text-align: center;\">Peter Ahlering <br>(Mobil 0163-5485923)<\/p>\n<p style=\"text-align: center;\">&nbsp;<\/p>","protected":false},"excerpt":{"rendered":"<p>Saison 2025\/26 Hinten von links: Betreuer Florian Wiegner, Linda Maria M\u00f6hrle, Maike Bader, Bozana Besic, Sarah Pfeifer, Nina Heggelbacher Mitte von links: Jennifer Ribant, Amelie Dr\u00f6\u00dfel, Lisa Maria Kramer, Lisa Choinowski, Vivien Haug, Tamara H\u00fcbschle, Hannah Veit Vorne von links: Anna Maria J\u00fclicher, Jennifer Kromer, Amrei Schneider, Fiona Sch\u00f6nfeldt, Rabea Weglowski, Giulia Linke, Lena Ahlering [&hellip;]<\/p>\n","protected":false},"author":2,"featured_media":0,"parent":332,"menu_order":0,"comment_status":"closed","ping_status":"closed","template":"","meta":{"ngg_post_thumbnail":0},"_links":{"self":[{"href":"https:\/\/fc09ueberlingen.de\/index.php?rest_route=\/wp\/v2\/pages\/443"}],"collection":[{"href":"https:\/\/fc09ueberlingen.de\/index.php?rest_route=\/wp\/v2\/pages"}],"about":[{"href":"https:\/\/fc09ueberlingen.de\/index.php?rest_route=\/wp\/v2\/types\/page"}],"author":[{"embeddable":true,"href":"https:\/\/fc09ueberlingen.de\/index.php?rest_route=\/wp\/v2\/users\/2"}],"replies":[{"embeddable":true,"href":"https:\/\/fc09ueberlingen.de\/index.php?rest_route=%2Fwp%2Fv2%2Fcomments&post=443"}],"version-history":[{"count":24,"href":"https:\/\/fc09ueberlingen.de\/index.php?rest_route=\/wp\/v2\/pages\/443\/revisions"}],"predecessor-version":[{"id":7122,"href":"https:\/\/fc09ueberlingen.de\/index.php?rest_route=\/wp\/v2\/pages\/443\/revisions\/7122"}],"up":[{"embeddable":true,"href":"https:\/\/fc09ueberlingen.de\/index.php?rest_route=\/wp\/v2\/pages\/332"}],"wp:attachment":[{"href":"https:\/\/fc09ueberlingen.de\/index.php?rest_route=%2Fwp%2Fv2%2Fmedia&parent=443"}],"curies":[{"name":"wp","href":"https:\/\/api.w.org\/{rel}","templated":true}]}}