{"id":5194,"date":"2018-11-13T14:53:14","date_gmt":"2018-11-13T13:53:14","guid":{"rendered":"https:\/\/fc09ueberlingen.de\/?page_id=5194"},"modified":"2020-11-13T11:11:16","modified_gmt":"2020-11-13T10:11:16","slug":"chronik","status":"publish","type":"page","link":"https:\/\/fc09ueberlingen.de\/?page_id=5194","title":{"rendered":"Chronik"},"content":{"rendered":"<p><a href=\"https:\/\/fc09ueberlingen.de\/wp-content\/uploads\/2018\/09\/Jubil%C3%A4umsMagazin.pdf\" target=\"_blank\" rel=\"noopener noreferrer\"><img loading=\"lazy\" class=\"aligncenter wp-image-322 size-full\" src=\"https:\/\/fc09ueberlingen.de\/wp-content\/uploads\/2018\/09\/Jubil\u00e4umscover-002.jpg\" alt=\"\" width=\"374\" height=\"548\" srcset=\"https:\/\/fc09ueberlingen.de\/wp-content\/uploads\/2018\/09\/Jubil\u00e4umscover-002.jpg 374w, https:\/\/fc09ueberlingen.de\/wp-content\/uploads\/2018\/09\/Jubil\u00e4umscover-002-205x300.jpg 205w\" sizes=\"(max-width: 374px) 100vw, 374px\" \/><\/a><\/p>\n<p>&nbsp;<\/p>\n<p>&nbsp;<\/p>\n<table id=\"chroniktable\" border=\"0\" summary=\"\" cellspacing=\"0\" cellpadding=\"4\">\n<tbody>\n<tr>\n<td valign=\"top\" nowrap=\"nowrap\">15. Mai 1909<\/td>\n<td>Gr\u00fcndung des Vereins. Vis-\u00e0-vis des Westbahnhofs, im &#8222;Bahnhofshotel&#8220;<\/td>\n<\/tr>\n<tr>\n<td valign=\"top\" nowrap=\"nowrap\">1913<\/td>\n<td>Anschluss an den Verband S\u00fcddeutscher Fu\u00dfballvereine<\/td>\n<\/tr>\n<tr>\n<td valign=\"top\" nowrap=\"nowrap\">1914<\/td>\n<td>Beginn des Ersten Weltkrieges<\/td>\n<\/tr>\n<tr>\n<td valign=\"top\" nowrap=\"nowrap\">10.04.1919<\/td>\n<td>Wahl einer neuen Vorstandschaft \u201326 Sportkameraden kehrten nicht aus dem Krieg zur\u00fcck\u2013 (Gasthaus Adler)Verein wurde in \u201eSportverein \u00dcberlingen\u201c umbenannt und eine Tennis und Schwimmabteilung angegliedert<\/td>\n<\/tr>\n<tr>\n<td valign=\"top\" nowrap=\"nowrap\">1920\/1921<\/td>\n<td>Erste Beteiligung an Verbandsspielen<\/td>\n<\/tr>\n<tr>\n<td valign=\"top\" nowrap=\"nowrap\">26.06.1921<\/td>\n<td>Einweihung des erweiterten Sportplatzes \u201eOb den M\u00fchlen\u201c \u2013\u00dcbergabe durch B\u00fcrgermeister Dr. Emerich\u2013<\/td>\n<\/tr>\n<tr>\n<td valign=\"top\" nowrap=\"nowrap\">1924<\/td>\n<td>15-j\u00e4hriges Jubil\u00e4um \u2013Feiern im \u201eBad Hotel\u201c und im \u201eOchsen\u201c<\/td>\n<\/tr>\n<tr>\n<td valign=\"top\" nowrap=\"nowrap\">25.03.1929<\/td>\n<td>Zusammenschluss des Sportvereins und des Arbeitersportvereins und Namens\u00e4nderung in \u201eFC 09 \u00dcberlingen\u201c<\/td>\n<\/tr>\n<tr>\n<td valign=\"top\" nowrap=\"nowrap\">14.02.1934<\/td>\n<td>Sensationelles \u201eL\u00e4nderspiel\u201c gegen die auf der Durchreise befindliche s\u00fcdamerikanische Mannschaft von Cartagena\/Brasilien<\/td>\n<\/tr>\n<tr>\n<td valign=\"top\" nowrap=\"nowrap\">1939\/1946<\/td>\n<td>Ausbruch des Zweiten Weltkrieges \u2013Ruhendes Spielbetriebes\u2013<\/td>\n<\/tr>\n<tr>\n<td valign=\"top\" nowrap=\"nowrap\">1947<\/td>\n<td>Gr\u00fcndung des \u201eVFR \u00dcberlingen\u201c (Fu\u00dfballer,Handballer,Turner zusammen) \u2013die Milit\u00e4rregierung lie\u00df nur einen Gesamtverein zu\u2013<\/td>\n<\/tr>\n<tr>\n<td valign=\"top\" nowrap=\"nowrap\">1949<\/td>\n<td>Einweihung der neuen Trib\u00fcne mit Umkleider\u00e4umen \u201eOb den M\u00fchlen\u201c<\/td>\n<\/tr>\n<tr>\n<td valign=\"top\" nowrap=\"nowrap\">23.01.1950<\/td>\n<td>Mitgliederversammlung beschlie\u00dft endg\u00fcltig den Vereinsnamen \u201eFC 09 \u00dcberlingen\u201c im Gasthaus \u201eTraube\u201c<\/td>\n<\/tr>\n<tr>\n<td valign=\"top\" nowrap=\"nowrap\">1953\/1954<\/td>\n<td>Abstieg&nbsp;aus der 2. Amateurliga in die A-Klasse<\/td>\n<\/tr>\n<tr>\n<td valign=\"top\" nowrap=\"nowrap\">1957\/1958<\/td>\n<td>Aufstieg aus der A-Klasse in die 2. Amateurliga<\/td>\n<\/tr>\n<tr>\n<td valign=\"top\" nowrap=\"nowrap\">26.09.1959<\/td>\n<td>50-j\u00e4hriges Vereinsjubil\u00e4um \u2013Festbankett im Gasthaus Traube\u2013<\/td>\n<\/tr>\n<tr>\n<td valign=\"top\" nowrap=\"nowrap\">1959\/1960<\/td>\n<td>Meisterschaft in der 2.Amateurliga nach Entscheidungsspiel gegen TUS Blumberg (3:1) in Rielasingen und Aufstieg in die Schwarzwald-Bodensee-Liga (H\u00f6chste Amateurklasse)<\/td>\n<\/tr>\n<tr>\n<td valign=\"top\" nowrap=\"nowrap\">1960\/1961<\/td>\n<td>Abstieg in die 2.Amateurliga<\/td>\n<\/tr>\n<tr>\n<td valign=\"top\" nowrap=\"nowrap\">1961\/1962<\/td>\n<td>2.Platz in der 2. Amateurliga und nach Relegationsspielen Wiederaufstieg in die Schwarzwald-Bodensee-Liga<\/td>\n<\/tr>\n<tr>\n<td valign=\"top\" nowrap=\"nowrap\">1962\/1963<\/td>\n<td>Abstieg in die 2.Amateurliga<\/td>\n<\/tr>\n<tr>\n<td valign=\"top\" nowrap=\"nowrap\">1964\/1965<\/td>\n<td>2.Platz in der 2.Amateurliga \u2013Aufstiegsspiele erreicht, aber Aufstieg verpasst \u2013<\/td>\n<\/tr>\n<tr>\n<td valign=\"top\" nowrap=\"nowrap\">18.10.1969<\/td>\n<td>60-j\u00e4hriges Vereinsjubil\u00e4um \u2013Festbankett im Pfarrzentrum (Auftritt von Gewerbeschulrat Gerhard Dietz als Zauberk\u00fcnstler und der S\u00e4ngerin Gaby Berger)<\/td>\n<\/tr>\n<tr>\n<td valign=\"top\" nowrap=\"nowrap\">22.\u201327.07.1970<\/td>\n<td>Einweihung der Sportplatzanlagen \u201eALTBIRNAU\u201c&nbsp; Hauptspiel KarlsruherSC\u20131.Mannschaft(10:1)<\/td>\n<\/tr>\n<tr>\n<td valign=\"top\" nowrap=\"nowrap\">1972<\/td>\n<td>Erster Jugendtag<\/td>\n<\/tr>\n<tr>\n<td valign=\"top\" nowrap=\"nowrap\">1959\/1960<\/td>\n<td>Meisterschaft in der 2.Amateurliga nach Entscheidungsspiel gegen<\/td>\n<\/tr>\n<tr>\n<td valign=\"top\" nowrap=\"nowrap\">1972\/1973<\/td>\n<td>Abstieg der 1.Mannschaft in die A-Klasse, Abstieg der 2.Mannschaft in die C-Klasse<\/td>\n<\/tr>\n<tr>\n<td valign=\"top\" nowrap=\"nowrap\">1973\/1974<\/td>\n<td>Wiederaufstieg in die 2.Amateurliga<\/td>\n<\/tr>\n<tr>\n<td valign=\"top\" nowrap=\"nowrap\">1974<\/td>\n<td>Innenminister Karl Schiess wird zum ersten Pr\u00e4sidenten des FC 09 gew\u00e4hlt<\/td>\n<\/tr>\n<tr>\n<td valign=\"top\" nowrap=\"nowrap\">1974<\/td>\n<td>65 Jahre FC09 Hauptspiel gegen Stuttgarter Kickers (2.Bundesliga) (6:2)<\/td>\n<\/tr>\n<tr>\n<td valign=\"top\" nowrap=\"nowrap\">1977<\/td>\n<td>Meisterschaft der 2.Mannschaft,aber auf Grund der Regularien kein Aufstieg m\u00f6glich<\/td>\n<\/tr>\n<tr>\n<td valign=\"top\" nowrap=\"nowrap\">20.\u201322.05.1977<\/td>\n<td>Internationales A-Jugendturnier wurde erstmals durchgef\u00fchrt<\/td>\n<\/tr>\n<tr>\n<td valign=\"top\" nowrap=\"nowrap\">1978\/1979<\/td>\n<td>Abstieg von der Landesliga (fr\u00fcher 2.Amateurliga) in die Bezirksliga<\/td>\n<\/tr>\n<tr>\n<td valign=\"top\" nowrap=\"nowrap\">13.\u201320.07.1981<\/td>\n<td>Trainingslager 1.FCKaiserslautern (1.Bundesliga) unter Kalli Feldkamp Spiel gegen 1.Mannschaft am 15.07.1981 (13:1)<\/td>\n<\/tr>\n<tr>\n<td valign=\"top\" nowrap=\"nowrap\">17.\u201326.07.1982<\/td>\n<td>Trainingslager Borussia Dortmund (1.Bundesliga) unter Kalli Feldkamp Spiel gegen 1.Mannschaft (14:0)<\/td>\n<\/tr>\n<tr>\n<td valign=\"top\" nowrap=\"nowrap\">1984<\/td>\n<td>75-j\u00e4hriges Vereinsjubil\u00e4um am 13.07.1984 Festabend im Pfarrzentrum und Sportwoche vom 14.\u2013 21.07.1984 mit Spiel der \u201eUwe Seeler Tradidionself\u201c gegen die 1. Mannschaft(3:0)<\/td>\n<\/tr>\n<tr>\n<td valign=\"top\" nowrap=\"nowrap\">1984\/1985<\/td>\n<td>3.Platz in der Bezirksliga nach Neuaufbau der 1. Mannschaft<\/td>\n<\/tr>\n<tr>\n<td valign=\"top\" nowrap=\"nowrap\">Mai1985<\/td>\n<td>Abschied vom zum Schulsportplatz umgebauten Sportplatz \u201eOb den M\u00fchlen\u201c<\/td>\n<\/tr>\n<tr>\n<td valign=\"top\" nowrap=\"nowrap\">August1985<\/td>\n<td>Inbetriebnahme des neuen Kunstrasen Platzes mit Flutlichtanlage auf\u201eAlt Birnau\u201c<\/td>\n<\/tr>\n<tr>\n<td valign=\"top\" nowrap=\"nowrap\">1985\/1986<\/td>\n<td>Aufstieg der 1. Mannschaft von der Bezirksliga in die Landesliga<\/td>\n<\/tr>\n<tr>\n<td valign=\"top\" nowrap=\"nowrap\">1986\/1987<\/td>\n<td>Herbstmeister in der Landesliga<\/td>\n<\/tr>\n<tr>\n<td valign=\"top\" nowrap=\"nowrap\">3.\u20135.07.1987<\/td>\n<td>Trainingslager der 1. Mannschaft in der Sportschule Karlsruhe Sch\u00f6neck<\/td>\n<\/tr>\n<tr>\n<td valign=\"top\" nowrap=\"nowrap\">Juni1988<\/td>\n<td>Erstes \u201eFr\u00fcchtleturnier\u201c<\/td>\n<\/tr>\n<tr>\n<td valign=\"top\" nowrap=\"nowrap\">1989<\/td>\n<td>80-j\u00e4hriges Vereinsjubil\u00e4um am 15.09.1989 Festabend im Dorfgemeinschaftshaus Nussdorf Hauptspiel am 8.07.1989 gegen den SC Freiburg (2. Bundesliga) (13:1)<\/td>\n<\/tr>\n<tr>\n<td valign=\"top\" nowrap=\"nowrap\">1993\/1994<\/td>\n<td>Abstieg der 1. Mannschaft&nbsp;&nbsp;aus der Landesliga in die Bezirksliga<\/td>\n<\/tr>\n<tr>\n<td valign=\"top\" nowrap=\"nowrap\">1993\/1994<\/td>\n<td>Inbetriebnahme des erweiterten Clubheims<\/td>\n<\/tr>\n<tr>\n<td valign=\"top\" nowrap=\"nowrap\">1994\/1995<\/td>\n<td>Abstieg aus der Bezirksliga in die Kreisliga A<\/td>\n<\/tr>\n<tr>\n<td valign=\"top\" nowrap=\"nowrap\">1997\/1998<\/td>\n<td>Wiederaufstieg in die Bezirksliga<\/td>\n<\/tr>\n<tr>\n<td valign=\"top\" nowrap=\"nowrap\">Juli1998<\/td>\n<td>Trainingslager FC Bayern M\u00fcnchen unter Trainer Giovanni Trappatoni \u2013Parkhotel St.Leonhard<\/td>\n<\/tr>\n<tr>\n<td valign=\"top\" nowrap=\"nowrap\">1999<\/td>\n<td>90-j\u00e4hriges Vereinsjubil\u00e4um mit Jubil\u00e4umsveranstaltung am 1.10.1999 im Dorfgemeinschaftshaus Nussdorf. Am 23.06.1999 internationales Freundschaftsspiel FC Tirol unter Trainer Kurt Jara \u2013 Ituano Sao Paulo, Brasilien<\/td>\n<\/tr>\n<tr>\n<td valign=\"top\" nowrap=\"nowrap\">1999\/2000<\/td>\n<td>Abstieg aus der Bezirksliga in die Kreisliga A<\/td>\n<\/tr>\n<tr>\n<td valign=\"top\" nowrap=\"nowrap\">April2000<\/td>\n<td>Verlegung eines neuen, sehr modernen Kunstrasens auf Platz 3<\/td>\n<\/tr>\n<tr>\n<td valign=\"top\" nowrap=\"nowrap\">2000\/2001<\/td>\n<td>Wiederaufstieg in die Bezirksliga<\/td>\n<\/tr>\n<tr>\n<td valign=\"top\" nowrap=\"nowrap\">2003<\/td>\n<td>Erster Internetauftritt des FC09<\/td>\n<\/tr>\n<tr>\n<td valign=\"top\" nowrap=\"nowrap\">2003\/2004<\/td>\n<td>Aufstieg der 1. Mannschaft von der Bezirksliga in die Landesliga Aufstieg der 2. Mannschaft in die Kreisliga A<\/td>\n<\/tr>\n<tr>\n<td valign=\"top\" nowrap=\"nowrap\">06.01.2005<\/td>\n<td>1. Internationales Hallenturnier f\u00fcr<\/td>\n<\/tr>\n<tr>\n<td valign=\"top\" nowrap=\"nowrap\">&nbsp;<\/td>\n<td>AJugendmannschaften um den Bodenseetherme Cup<\/td>\n<\/tr>\n<tr>\n<td valign=\"top\" nowrap=\"nowrap\">09.09.2005<\/td>\n<td>1. Alt Birnau Lauf<\/td>\n<\/tr>\n<tr>\n<td valign=\"top\" nowrap=\"nowrap\">2006\/2007<\/td>\n<td>Abstieg der 1. Mannschaft aus der Landesliga in die Bezirksliga<\/td>\n<\/tr>\n<tr>\n<td valign=\"top\" nowrap=\"nowrap\">27.10.2007<\/td>\n<td>Sportanlage Alt Birnau hei\u00dft nun \u201eTERRA-S-Stadion\u201c<\/td>\n<\/tr>\n<tr>\n<td valign=\"top\" nowrap=\"nowrap\">03.10.2008<\/td>\n<td>TERRA-S-Stadion wird DFB-St\u00fctzpunkt<\/td>\n<\/tr>\n<tr>\n<td valign=\"top\" nowrap=\"nowrap\">M\u00e4rz 2009 15.05.2009<\/td>\n<td>Inbetriebnahme der neuen Flutlichtanlage auf Platz 2 Festakt zum 100-j\u00e4hrigen Vereinsjubil\u00e4um im Kursaal in \u00dcberlingen. Als Ehrengast und Redner folgt der ehemalige DFB Pr\u00e4sident Gerhard Mayer-Vorfelder der Einladung des FC09<\/td>\n<\/tr>\n<tr>\n<td valign=\"top\" nowrap=\"nowrap\">11.06.2009<\/td>\n<td>Jubil\u00e4umsspiel Toto-Lotto-Prominenten-Team gegen FC 09 \u00dcberlingen AH. Ergebnis 11 &#8211; 1 f\u00fcr das Prominenten-Team<\/td>\n<\/tr>\n<tr>\n<td valign=\"top\" nowrap=\"nowrap\">13.06. \/ 22.06.2009<\/td>\n<td>Die 1. Mannschaft beendet die Bezirksligasaison 2008\/2009 auf dem 2. Tabellenplatz und bestreitet somit die Relegationsspiele um den Aufstieg in die Landesliga. Gegner ist der FC L\u00f6ffingen. Im Hinspiel in L\u00f6ffingen gelingt der Mannschaft ein \u00fcberzeugender 4:0 Sieg (Torsch\u00fctzen Bahadir, 2 mal Kuczkowski und Lasic). Auch das R\u00fcckspiel konnte mit 3:1 gewonnen werden. Torsch\u00fctzen Lasic, Kuczkowski und Kalludra. Somit steigt die erste Mannschaft wieder in die Landesliga auf.<\/td>\n<\/tr>\n<tr>\n<td valign=\"top\" nowrap=\"nowrap\">Juni 2010<\/td>\n<td>Die 1. Mannschaft beendet die Saison 2009\/2010 in der Landesliga S\u00fcdbaden Staffel 3 auf Platz 10. Die 2. Mannschaft belegt&nbsp;in der Kreisliga A Bodensee Staffel 3 den 6. Platz<\/td>\n<\/tr>\n<tr>\n<td valign=\"top\" nowrap=\"nowrap\">30.10.2010<\/td>\n<td>Die AH des FC 09 wird durch einen 5:3 Sieg im Elfmeterschie\u00dfen \u00fcber den SV Stadelhofen S\u00fcdbadischer Meister 2010. Nach regul\u00e4rer Spielzeit und Verl\u00e4ngerung stand es 2:2.<\/td>\n<\/tr>\n<tr>\n<td valign=\"top\" nowrap=\"nowrap\">Juni 2011<\/td>\n<td>Die 1. Mannschaft beendet die Saison 2010\/2011 in der Landesliga S\u00fcdbaden Staffel 3 auf Platz 7. Die 2. Mannschaft belegt&nbsp;in der Kreisliga A Bodensee Staffel 3 den 11. Platz<\/td>\n<\/tr>\n<tr>\n<td valign=\"top\" nowrap=\"nowrap\">27.8.\/28.8.2011<\/td>\n<td>Die&nbsp;AH des FC 09 \u00dcberlingen belegt bei den S\u00fcddeutschen Meisterschaften AH-\u00dc40 den beachtlichen 3. Platz. Am Ende des Turniers in Eppertshausen (Hessen) standen 5 Punkte und 2 : 4 Tore auf dem Konto der Senioren. Turniersieger und damit S\u00fcddeutscher Meister wurde der Hessen-Vertreter SG H\u00f6chst Classique. Die weiteren Endturnierteilnehmer waren TSV 07 Bergrheinfeld (Bayern), SG Bruchsal (Baden), Spfr.&nbsp;DJK B\u00fchlerzell (W\u00fcrttemberg). Neben der SG H\u00f6chst Classique qualifizierten sich als Turnier-Zweiter die Spfr. DJK B\u00fchlerzell f\u00fcr die Deutschen Meisterschaften. Folgende Spieler&nbsp;traten f\u00fcr den&nbsp;FC09 an:&nbsp;&nbsp;Nedzad Sokolovic, Adrian Sztrimbei, Sven Czekay, Reiner Steck, Walter Strasser, Fadil Bislimi, Bernd Parthenschlager, Uwe Negrassus, Hermann Welte, Christoph Welte, Harry Kruppe, J\u00fcrgen Beirer, Zoltan-Arpad Mez\u00f6, Michael Blum, Corc Taraca, Werner Schlossbauer, Dirk Hornstein, Martin Welte, Rolf Schlegel, Michael Hoffmann<\/td>\n<\/tr>\n<tr>\n<td valign=\"top\" nowrap=\"nowrap\">02. Februar 2012<\/td>\n<td>Der FC 09 \u00dcberlingen bekommt eine neue Vorstandschaft. Der langj\u00e4hrige 1. Vorstand Karl-Heinz Knauer gibt sein Amt ab. Ebenfalls stellen der 2. Vorstand Robert Mayer, der Spielausschu\u00dfvorsitzende Walter Strasser und der Schriftf\u00fchrer Arno Hornstein ihre \u00c4mter zur Verf\u00fcgung. Der Schatzmeister Werner Schlossbauer bleibt vorerst kommissarisch im Amt. Neuer 1. Vorstand wird der bisherige Jugendleiter Klaus Pillebeit. An seiner Seite als 2. Vorstand steht G\u00fcnter Hornstein. Neuer Jugendleiter wird Michael Friesenhagen.<\/td>\n<\/tr>\n<\/tbody>\n<\/table>\n","protected":false},"excerpt":{"rendered":"<p>&nbsp; &nbsp; 15. Mai 1909 Gr\u00fcndung des Vereins. Vis-\u00e0-vis des Westbahnhofs, im &#8222;Bahnhofshotel&#8220; 1913 Anschluss an den Verband S\u00fcddeutscher Fu\u00dfballvereine 1914 Beginn des Ersten Weltkrieges 10.04.1919 Wahl einer neuen Vorstandschaft \u201326 Sportkameraden kehrten nicht aus dem Krieg zur\u00fcck\u2013 (Gasthaus Adler)Verein wurde in \u201eSportverein \u00dcberlingen\u201c umbenannt und eine Tennis und Schwimmabteilung angegliedert 1920\/1921 Erste Beteiligung an [&hellip;]<\/p>\n","protected":false},"author":1,"featured_media":0,"parent":389,"menu_order":0,"comment_status":"closed","ping_status":"closed","template":"","meta":{"ngg_post_thumbnail":0},"_links":{"self":[{"href":"https:\/\/fc09ueberlingen.de\/index.php?rest_route=\/wp\/v2\/pages\/5194"}],"collection":[{"href":"https:\/\/fc09ueberlingen.de\/index.php?rest_route=\/wp\/v2\/pages"}],"about":[{"href":"https:\/\/fc09ueberlingen.de\/index.php?rest_route=\/wp\/v2\/types\/page"}],"author":[{"embeddable":true,"href":"https:\/\/fc09ueberlingen.de\/index.php?rest_route=\/wp\/v2\/users\/1"}],"replies":[{"embeddable":true,"href":"https:\/\/fc09ueberlingen.de\/index.php?rest_route=%2Fwp%2Fv2%2Fcomments&post=5194"}],"version-history":[{"count":15,"href":"https:\/\/fc09ueberlingen.de\/index.php?rest_route=\/wp\/v2\/pages\/5194\/revisions"}],"predecessor-version":[{"id":6219,"href":"https:\/\/fc09ueberlingen.de\/index.php?rest_route=\/wp\/v2\/pages\/5194\/revisions\/6219"}],"up":[{"embeddable":true,"href":"https:\/\/fc09ueberlingen.de\/index.php?rest_route=\/wp\/v2\/pages\/389"}],"wp:attachment":[{"href":"https:\/\/fc09ueberlingen.de\/index.php?rest_route=%2Fwp%2Fv2%2Fmedia&parent=5194"}],"curies":[{"name":"wp","href":"https:\/\/api.w.org\/{rel}","templated":true}]}}